{"id":1112,"date":"2017-09-25T18:10:37","date_gmt":"2017-09-25T16:10:37","guid":{"rendered":"https:\/\/www.barbara-bruns.de\/?page_id=1112"},"modified":"2021-01-26T09:55:54","modified_gmt":"2021-01-26T08:55:54","slug":"imprint","status":"publish","type":"page","link":"https:\/\/www.barbara-bruns.de\/en\/imprint\/","title":{"rendered":"Imprint"},"content":{"rendered":"<p>[vc_row css=&#8221;.vc_custom_1504778753863{margin-top: 0px !important;padding-top: 0px !important;background-color: #f2f2f3 !important;}&#8221;][vc_column width=&#8221;1\/2&#8243;][vc_row_inner][vc_column_inner width=&#8221;1\/6&#8243;][\/vc_column_inner][vc_column_inner width=&#8221;5\/6&#8243;][vc_column_text]<strong><b class=\"b5\">Information<\/b><b class=\"b4\">\u00a0<\/b><b class=\"b5\">in accordance wi<\/b><b class=\"b4\">th<\/b> \u00a7 5 TMG:<\/strong><\/p>\n<p>Bruns &amp; Stamp Hundezucht GbR<br \/>\nElbuferstr. 12<br \/>\n21423 Winsen \/ Luhe &#8211; OT La\u00dfr\u00f6nne<br \/>\nGermany<\/p>\n<p>Phone\u00a0+49 (0)4179 \/ 412<br \/>\nFax\u00a0+49 (0)4179 \/\u00a07193<\/p>\n<p>Vertreten durch:<br \/>\ndie Gesellschafter Barbara Bruns und Wolfgang Stamp<\/p>\n<p>Email:\u00a0info@barbara-bruns.de<br \/>\nInternet: <a href=\"https:\/\/www.barbara-bruns.de\">www.barbara-bruns.de<\/a>, <a href=\"http:\/\/www.ponwood.de\" target=\"_blank\" rel=\"noopener noreferrer\">www.ponwood.de<\/a>,<br \/>\n<a href=\"http:\/\/www.sammantic.de\" target=\"_blank\" rel=\"noopener noreferrer\">www.sammantic.de<\/a>, <a href=\"http:\/\/www.sammantic-lhasa-apso.de\" target=\"_blank\" rel=\"noopener noreferrer\">www.sammantic-lhasa-apso.de<\/a><br \/>\nVAT ID No. DE815061291<\/p>\n<p>Quellenangaben Fotos \/\u00a0Bildnachweise<br \/>\nS\u00e4mtliche Fotos, Barbara Bruns &amp; Wolgang Stamp<\/p>\n<p>Concept &amp; Design<br \/>\nTODA &#8211; <a href=\"http:\/\/www.toda.com\" target=\"_blank\" rel=\"noopener noreferrer\">www.toda.com<\/a><\/p>\n<p>Programming &amp;\u00a0Realization<br \/>\nDaniel Eiberger \u2013 <a href=\"http:\/\/www.reonex.de\/\" target=\"_blank\" rel=\"noopener noreferrer\">www.reonex.de<\/a>[\/vc_column_text][\/vc_column_inner][\/vc_row_inner][\/vc_column][vc_column width=&#8221;1\/2&#8243; css=&#8221;.vc_custom_1495712544687{margin: 0px !important;padding: 0px !important;}&#8221;][vc_row_inner][vc_column_inner width=&#8221;5\/6&#8243;][vc_column_text css=&#8221;.vc_custom_1527838102664{padding-left: 15px !important;}&#8221;]<strong>Haftung f\u00fcr Inhalte<\/strong><br \/>\nAls Diensteanbieter sind wir gem\u00e4\u00df \u00a7 7 Abs.1 TMG f\u00fcr eigene Inhalte auf diesen Seiten nach den allgemeinen Gesetzen verantwortlich. Nach \u00a7\u00a7 8 bis 10 TMG sind wir als Diensteanbieter jedoch nicht verpflichtet, \u00fcbermittelte oder gespeicherte fremde Informationen zu \u00fcberwachen oder nach Umst\u00e4nden zu forschen, die auf eine rechtswidrige T\u00e4tigkeit hinweisen.<br \/>\nVerpflichtungen zur Entfernung oder Sperrung der Nutzung von Informationen nach den allgemeinen Gesetzen bleiben hiervon unber\u00fchrt. Eine diesbez\u00fcgliche Haftung ist jedoch erst ab dem Zeitpunkt der Kenntnis einer konkreten Rechtsverletzung m\u00f6glich. Bei Bekanntwerden von entsprechenden Rechtsverletzungen werden wir diese Inhalte umgehend entfernen.<\/p>\n<p><strong>Haftung f\u00fcr Links<\/strong><br \/>\nUnser Angebot enth\u00e4lt Links zu externen Webseiten Dritter, auf deren Inhalte wir keinen Einfluss haben. Deshalb k\u00f6nnen wir f\u00fcr diese fremden Inhalte auch keine Gew\u00e4hr \u00fcbernehmen. F\u00fcr die Inhalte der verlinkten Seiten ist stets der jeweilige Anbieter oder Betreiber der Seiten verantwortlich. Die verlinkten Seiten wurden zum Zeitpunkt der Verlinkung auf m\u00f6gliche Rechtsverst\u00f6\u00dfe \u00fcberpr\u00fcft. Rechtswidrige Inhalte waren zum Zeitpunkt der Verlinkung nicht erkennbar.<br \/>\nEine permanente inhaltliche Kontrolle der verlinkten Seiten ist jedoch ohne konkrete Anhaltspunkte einer Rechtsverletzung nicht zumutbar. Bei Bekanntwerden von Rechtsverletzungen werden wir derartige Links umgehend entfernen.<\/p>\n<p><strong>Urheberrecht<\/strong><br \/>\nDie durch die Seitenbetreiber erstellten Inhalte und Werke auf diesen Seiten unterliegen dem deutschen Urheberrecht. Die Vervielf\u00e4ltigung, Bearbeitung, Verbreitung und jede Art der Verwertung au\u00dferhalb der Grenzen des Urheberrechtes bed\u00fcrfen der schriftlichen Zustimmung des jeweiligen Autors bzw. Erstellers. Downloads und Kopien dieser Seite sind nur f\u00fcr den privaten, nicht kommerziellen Gebrauch gestattet.<br \/>\nSoweit die Inhalte auf dieser Seite nicht vom Betreiber erstellt wurden, werden die Urheberrechte Dritter beachtet. Insbesondere werden Inhalte Dritter als solche gekennzeichnet. Sollten Sie trotzdem auf eine Urheberrechtsverletzung aufmerksam werden, bitten wir um einen entsprechenden Hinweis. Bei Bekanntwerden von Rechtsverletzungen werden wir derartige Inhalte umgehend entfernen.<\/p>\n<p><strong>Alternative dispute resolution pursuant to Art. 14 para. 1 ODR-VO and \u00a7 36 VSBG<\/strong><br \/>\nThe European Commission provides a platform for online dispute resolution (OS) available at http:\/\/ec.europa.eu\/consumers\/odr\/. We are not obligated and unwilling to participate in a dispute settlement procedure before a consumer arbitration board.[\/vc_column_text][\/vc_column_inner][vc_column_inner width=&#8221;1\/6&#8243;][\/vc_column_inner][\/vc_row_inner][\/vc_column][\/vc_row][vc_row][vc_column][vc_empty_space height=&#8221;150px&#8221;][\/vc_column][\/vc_row]<\/p>\n","protected":false},"excerpt":{"rendered":"<p>[vc_row css=&#8221;.vc_custom_1504778753863{margin-top: 0px !important;padding-top: 0px !important;background-color: #f2f2f3 !important;}&#8221;][vc_column width=&#8221;1\/2&#8243;][vc_row_inner][vc_column_inner width=&#8221;1\/6&#8243;][\/vc_column_inner][vc_column_inner width=&#8221;5\/6&#8243;][vc_column_text]Information\u00a0in accordance with \u00a7 5 TMG: Bruns &amp; Stamp Hundezucht GbR Elbuferstr. 12 21423 Winsen \/ Luhe &#8211; OT La\u00dfr\u00f6nne Germany Phone\u00a0+49 (0)4179 \/ 412 Fax\u00a0+49 (0)4179 \/\u00a07193 Vertreten durch: die Gesellschafter Barbara Bruns und Wolfgang Stamp Email:\u00a0info@barbara-bruns.de Internet: www.barbara-bruns.de, www.ponwood.de, www.sammantic.de, www.sammantic-lhasa-apso.de VAT ID [&hellip;]<\/p>\n","protected":false},"author":1,"featured_media":0,"parent":0,"menu_order":0,"comment_status":"closed","ping_status":"closed","template":"","meta":[],"_links":{"self":[{"href":"https:\/\/www.barbara-bruns.de\/en\/wp-json\/wp\/v2\/pages\/1112\/"}],"collection":[{"href":"https:\/\/www.barbara-bruns.de\/en\/wp-json\/wp\/v2\/pages\/"}],"about":[{"href":"https:\/\/www.barbara-bruns.de\/en\/wp-json\/wp\/v2\/types\/page\/"}],"author":[{"embeddable":true,"href":"https:\/\/www.barbara-bruns.de\/en\/wp-json\/wp\/v2\/users\/1\/"}],"replies":[{"embeddable":true,"href":"https:\/\/www.barbara-bruns.de\/en\/wp-json\/wp\/v2\/comments\/?post=1112"}],"version-history":[{"count":5,"href":"https:\/\/www.barbara-bruns.de\/en\/wp-json\/wp\/v2\/pages\/1112\/revisions\/"}],"predecessor-version":[{"id":1262,"href":"https:\/\/www.barbara-bruns.de\/en\/wp-json\/wp\/v2\/pages\/1112\/revisions\/1262\/"}],"wp:attachment":[{"href":"https:\/\/www.barbara-bruns.de\/en\/wp-json\/wp\/v2\/media\/?parent=1112"}],"curies":[{"name":"wp","href":"https:\/\/api.w.org\/{rel}","templated":true}]}}