{"id":1089,"date":"2017-09-22T20:17:41","date_gmt":"2017-09-22T18:17:41","guid":{"rendered":"https:\/\/www.barbara-bruns.de\/startseite\/"},"modified":"2018-05-31T22:28:34","modified_gmt":"2018-05-31T20:28:34","slug":"startseite","status":"publish","type":"page","link":"https:\/\/www.barbara-bruns.de\/en\/","title":{"rendered":"Startseite"},"content":{"rendered":"<p>[vc_row][vc_column][vc_empty_space height=&#8221;40px&#8221;][\/vc_column][\/vc_row][vc_row full_width=&#8221;stretch_row_content&#8221; gap=&#8221;5&#8243; css=&#8221;.vc_custom_1504708977517{padding-right: 50px !important;padding-left: 50px !important;background-color: #ffffff !important;}&#8221;][vc_column width=&#8221;1\/3&#8243;][vc_single_image image=&#8221;993&#8243; alignment=&#8221;center&#8221; onclick=&#8221;custom_link&#8221; img_link_target=&#8221;_blank&#8221; link=&#8221;http:\/\/www.sammantic-lhasa-apso.de&#8221;][vc_column_text css=&#8221;.vc_custom_1507724874653{padding-top: 30% !important;padding-bottom: 30% !important;background-color: #f1f6e3 !important;}&#8221;]<\/p>\n<h3 style=\"text-align: center; height: 70px;\"><a href=\"http:\/\/www.sammantic-lhasa-apso.de\" target=\"_blank\" rel=\"noopener noreferrer\"><span style=\"color: #707173;\"><img loading=\"lazy\" class=\"alignnone wp-image-1159\" style=\"padding: 0 0px 20px 0px;\" src=\"https:\/\/www.barbara-bruns.de\/wp-content\/uploads\/2017\/09\/sammantic-lhasas_320-300x31.png\" alt=\"\" width=\"194\" height=\"20\" srcset=\"https:\/\/www.barbara-bruns.de\/wp-content\/uploads\/2017\/09\/sammantic-lhasas_320-300x31.png 300w, https:\/\/www.barbara-bruns.de\/wp-content\/uploads\/2017\/09\/sammantic-lhasas_320.png 320w\" sizes=\"(max-width: 194px) 100vw, 194px\" \/><br \/>\nLHASA APSOS\u00a0<span style=\"color: #cde08d;\">&gt;<\/span><\/span><\/a><\/h3>\n<p>[\/vc_column_text][\/vc_column][vc_column width=&#8221;1\/3&#8243;][vc_single_image image=&#8221;1203&#8243; alignment=&#8221;center&#8221; onclick=&#8221;custom_link&#8221; img_link_target=&#8221;_blank&#8221; link=&#8221;http:\/\/www.sammantic.de&#8221;][vc_column_text css=&#8221;.vc_custom_1507724880106{padding-top: 30% !important;padding-bottom: 30% !important;background-color: #eaf6fc !important;}&#8221;]<\/p>\n<h3 style=\"text-align: center; height: 70px;\"><a href=\"http:\/\/www.sammantic.de\" target=\"_blank\" rel=\"noopener noreferrer\"><img loading=\"lazy\" class=\"alignnone wp-image-1161\" style=\"padding: 0 0px 20px 0px;\" src=\"https:\/\/www.barbara-bruns.de\/wp-content\/uploads\/2017\/09\/sammantic_logo_320-300x31.png\" alt=\"\" width=\"194\" height=\"20\" srcset=\"https:\/\/www.barbara-bruns.de\/wp-content\/uploads\/2017\/09\/sammantic_logo_320-300x31.png 300w, https:\/\/www.barbara-bruns.de\/wp-content\/uploads\/2017\/09\/sammantic_logo_320.png 320w\" sizes=\"(max-width: 194px) 100vw, 194px\" \/><br \/>\n<\/a><a href=\"http:\/\/www.sammantic.de\" target=\"_blank\" rel=\"noopener noreferrer\"><span style=\"color: #707173;\">SAMOYEDS\u00a0<span style=\"color: #8cd3f1;\">&gt;<\/span><\/span><\/a><\/h3>\n<p>[\/vc_column_text][\/vc_column][vc_column width=&#8221;1\/3&#8243;][vc_single_image image=&#8221;1126&#8243; alignment=&#8221;center&#8221; onclick=&#8221;custom_link&#8221; img_link_target=&#8221;_blank&#8221; link=&#8221;http:\/\/www.ponwood.de&#8221;][vc_column_text css=&#8221;.vc_custom_1507724886730{padding-top: 30% !important;padding-bottom: 30% !important;background-color: #fceef4 !important;}&#8221;]<\/p>\n<h3 style=\"text-align: center; height: 70px;\"><a href=\"http:\/\/www.ponwood.de\" target=\"_blank\" rel=\"noopener noreferrer\"><img loading=\"lazy\" class=\"alignnone wp-image-1143\" style=\"padding-bottom: 20px;\" src=\"https:\/\/www.barbara-bruns.de\/wp-content\/uploads\/2017\/09\/ponwood_logo_transparent-300x37.png\" alt=\"\" width=\"163\" height=\"20\" srcset=\"https:\/\/www.barbara-bruns.de\/wp-content\/uploads\/2017\/09\/ponwood_logo_transparent-300x37.png 300w, https:\/\/www.barbara-bruns.de\/wp-content\/uploads\/2017\/09\/ponwood_logo_transparent.png 448w\" sizes=\"(max-width: 163px) 100vw, 163px\" \/><br \/>\n<span style=\"color: #707173;\">POLSKI OWCZAREK NIZINNY <span style=\"color: #f6b3d5;\">&gt;<\/span><\/span><\/a><\/h3>\n<p>[\/vc_column_text][\/vc_column][\/vc_row][vc_row css=&#8221;.vc_custom_1504710036827{padding-top: 60px !important;}&#8221;][vc_column][vc_column_text]<\/p>\n<h1 style=\"text-align: center;\">WELCOME!<\/h1>\n<p>[\/vc_column_text][vc_row_inner][vc_column_inner width=&#8221;1\/3&#8243;][\/vc_column_inner][vc_column_inner width=&#8221;1\/3&#8243;][vc_separator color=&#8221;custom&#8221; border_width=&#8221;2&#8243; el_width=&#8221;20&#8243; accent_color=&#8221;#a3a3a3&#8243; css=&#8221;.vc_custom_1504710019360{padding-top: 20px !important;}&#8221;][vc_empty_space height=&#8221;50px&#8221;][\/vc_column_inner][vc_column_inner width=&#8221;1\/3&#8243;][\/vc_column_inner][\/vc_row_inner][\/vc_column][\/vc_row][vc_row full_width=&#8221;stretch_row_content&#8221; css=&#8221;.vc_custom_1504710128357{background-color: #e3e3e3 !important;}&#8221;][vc_column][vc_empty_space height=&#8221;45px&#8221;][\/vc_column][\/vc_row][vc_row full_width=&#8221;stretch_row_content&#8221; css=&#8221;.vc_custom_1504710134200{padding-right: 6% !important;padding-left: 6% !important;background-color: #e3e3e3 !important;}&#8221;][vc_column css=&#8221;.vc_custom_1513942962896{padding-bottom: 50px !important;}&#8221;]<div class='recent-posts-container  vc_custom_1506105744141'><div class='zaria-post-col col-sm-4'><div class='blog-article'><a href='https:\/\/www.barbara-bruns.de\/en\/2017\/10\/15\/vladimir-erzielt-bob-multi-ch-bundessieger-in-dortmund\/'><div class='blog-article-thumbnail'><img src='https:\/\/www.barbara-bruns.de\/wp-content\/uploads\/2017\/12\/news1017_1-570x385.jpg' alt='VLADIMIR ERZIELT BOB MULTI CH BUNDESSIEGER IN DORTMUND'><\/div><\/a><div class='blog-article-content text-center'>\r\n\t\t<!--<div class='blog-article-details'><p class='author'><a href='https:\/\/www.barbara-bruns.de\/en\/2017\/10\/15\/vladimir-erzielt-bob-multi-ch-bundessieger-in-dortmund\/'>Daniel Eiberger<\/a><\/p>\r\n\t\t<a class='date' href='https:\/\/www.barbara-bruns.de\/en\/2017\/10\/15\/vladimir-erzielt-bob-multi-ch-bundessieger-in-dortmund\/'>15. October 2017<\/a> \/ <a href=\"https:\/\/www.barbara-bruns.de\/en\/category\/auszeichnungen-en\/\" rel=\"category tag\">Auszeichnungen<\/a><\/div>-->\r\n\t\t\r\n\t\t<h4 class='blog-article-title'>VLADIMIR ERZIELT BOB MULTI CH BUNDESSIEGER IN DORTMUND<\/h4>\r\n\t\t<p>15. October 2017<\/p>\r\n\t\t\r\n\t\t<p><p>Unser R\u00fcde Ponwood\u2019s Vladimir wird Bundessieger bei der Internationalen Ausstellung in Dortmund.<\/p>\n<a class='blog-article-read-more' href='https:\/\/www.barbara-bruns.de\/en\/2017\/10\/15\/vladimir-erzielt-bob-multi-ch-bundessieger-in-dortmund\/'>More &gt;<\/a><\/a><\/p>\r\n\t\t\r\n\t\t<!--<div class='likes-comments'><span class='blog-article-tags'>\r\n        <\/span><a href='https:\/\/www.barbara-bruns.de\/en\/2017\/10\/15\/vladimir-erzielt-bob-multi-ch-bundessieger-in-dortmund\/'><i class='zaria-icon-chat'><\/i>0<\/a><\/div>-->\r\n        \r\n        <\/div><\/div><\/div><div class='zaria-post-col col-sm-4'><div class='blog-article'><a href='https:\/\/www.barbara-bruns.de\/en\/2017\/10\/14\/bogey-erzielt-multi-bis-und-biss-gchgp\/'><div class='blog-article-thumbnail'><img src='https:\/\/www.barbara-bruns.de\/wp-content\/uploads\/2017\/12\/news1017_1-1-570x385.jpg' alt='BOGEY ERZIELT MULTI BIS UND BISS GCHGP'><\/div><\/a><div class='blog-article-content text-center'>\r\n\t\t<!--<div class='blog-article-details'><p class='author'><a href='https:\/\/www.barbara-bruns.de\/en\/2017\/10\/14\/bogey-erzielt-multi-bis-und-biss-gchgp\/'>Daniel Eiberger<\/a><\/p>\r\n\t\t<a class='date' href='https:\/\/www.barbara-bruns.de\/en\/2017\/10\/14\/bogey-erzielt-multi-bis-und-biss-gchgp\/'>14. October 2017<\/a> \/ <a href=\"https:\/\/www.barbara-bruns.de\/en\/category\/auszeichnungen-en\/\" rel=\"category tag\">Auszeichnungen<\/a>, <a href=\"https:\/\/www.barbara-bruns.de\/en\/category\/auszeichnungen-en\/\" rel=\"category tag\">Auszeichnungen<\/a>, <a href=\"https:\/\/www.barbara-bruns.de\/en\/category\/auszeichnungen-en\/\" rel=\"category tag\">Auszeichnungen<\/a>, <a href=\"https:\/\/www.barbara-bruns.de\/en\/category\/auszeichnungen-en\/\" rel=\"category tag\">Auszeichnungen<\/a>, <a href=\"https:\/\/www.barbara-bruns.de\/en\/category\/auszeichnungen-en\/\" rel=\"category tag\">Auszeichnungen<\/a><\/div>-->\r\n\t\t\r\n\t\t<h4 class='blog-article-title'>BOGEY ERZIELT MULTI BIS UND BISS GCHGP<\/h4>\r\n\t\t<p>14. October 2017<\/p>\r\n\t\t\r\n\t\t<p><p>Unser R\u00fcde Sammantic Play It Again Ham wurde nach 2014, 2015 und 2016 erneut ausgezeichnet als #1 Dog SCA bei der 86th National Specialty Show des Samojed Club of America in Huron, Ohio.<\/p>\n<a class='blog-article-read-more' href='https:\/\/www.barbara-bruns.de\/en\/2017\/10\/14\/bogey-erzielt-multi-bis-und-biss-gchgp\/'>More &gt;<\/a><\/a><\/p>\r\n\t\t\r\n\t\t<!--<div class='likes-comments'><span class='blog-article-tags'>\r\n        <\/span><a href='https:\/\/www.barbara-bruns.de\/en\/2017\/10\/14\/bogey-erzielt-multi-bis-und-biss-gchgp\/'><i class='zaria-icon-chat'><\/i>0<\/a><\/div>-->\r\n        \r\n        <\/div><\/div><\/div><div class='zaria-post-col col-sm-4'><div class='blog-article'><a href='https:\/\/www.barbara-bruns.de\/en\/2017\/08\/13\/ramses-gewinnt-akc-ch-und-gch-bis-in-den-usa\/'><div class='blog-article-thumbnail'><img src='https:\/\/www.barbara-bruns.de\/wp-content\/uploads\/2017\/12\/news0817_1-570x385.jpg' alt='RAMSES GEWINNT AKC CH und GCH, BIS IN DEN USA'><\/div><\/a><div class='blog-article-content text-center'>\r\n\t\t<!--<div class='blog-article-details'><p class='author'><a href='https:\/\/www.barbara-bruns.de\/en\/2017\/08\/13\/ramses-gewinnt-akc-ch-und-gch-bis-in-den-usa\/'>Daniel Eiberger<\/a><\/p>\r\n\t\t<a class='date' href='https:\/\/www.barbara-bruns.de\/en\/2017\/08\/13\/ramses-gewinnt-akc-ch-und-gch-bis-in-den-usa\/'>13. August 2017<\/a> \/ <a href=\"https:\/\/www.barbara-bruns.de\/en\/category\/auszeichnungen-en\/\" rel=\"category tag\">Auszeichnungen<\/a><\/div>-->\r\n\t\t\r\n\t\t<h4 class='blog-article-title'>RAMSES GEWINNT AKC CH und GCH, BIS IN DEN USA<\/h4>\r\n\t\t<p>13. August 2017<\/p>\r\n\t\t\r\n\t\t<p><p>Unser R\u00fcde Sammantic Ramses wurde zum dritten Mal in den USA Best In Show bei der AKC Dog Show Hosted by Kennel Club of Freeborn County, Minnesota.<\/p>\n<a class='blog-article-read-more' href='https:\/\/www.barbara-bruns.de\/en\/2017\/08\/13\/ramses-gewinnt-akc-ch-und-gch-bis-in-den-usa\/'>More &gt;<\/a><\/a><\/p>\r\n\t\t\r\n\t\t<!--<div class='likes-comments'><span class='blog-article-tags'>\r\n        <\/span><a href='https:\/\/www.barbara-bruns.de\/en\/2017\/08\/13\/ramses-gewinnt-akc-ch-und-gch-bis-in-den-usa\/'><i class='zaria-icon-chat'><\/i>0<\/a><\/div>-->\r\n        \r\n        <\/div><\/div><\/div><\/div>[\/vc_column][\/vc_row][vc_row full_width=&#8221;stretch_row&#8221; css=&#8221;.vc_custom_1496086571982{background-color: #ffffff !important;}&#8221;][vc_column][vc_empty_space height=&#8221;55px&#8221;][vc_column_text]<\/p>\n<h4 class=\"subheadline1\" style=\"text-align: center;\">MORE SUCCESSES<\/h4>\n<p>[\/vc_column_text][vc_empty_space][vc_row_inner content_placement=&#8221;middle&#8221;][vc_column_inner css=&#8221;.vc_custom_1496139190869{padding-right: 0px !important;padding-left: 0px !important;}&#8221;]<div class='vertical-timeline '><div class='left-side '><div class='timeline-container'><div class='timeline-title'><h3>28.\/29.05.2016<\/h3><h4>Dogshows in Lezsno\/ Poland and USA<\/h4><\/div>Our ponbitch Ch. Ponwood\u00b4s Valeska got a fantastic BOG 4 and BIS 4 for polish breeds at the dogshow in Lezsno.<br \/>\nBIS 4 for ACK GCh. Sammantic Quentin at the dogshow in Lezno (Poland) at 28.06.2016 and BOG 1 for GCH CH Pebbles&#8217; Run Play It Again Ham (Bogey) in the USA.<\/div><\/div><div class='right-side '><div class='timeline-container'><div class='timeline-title'><h3>15.\/16.05.2016<\/h3><h4>Dogshow in Saarbr\u00fccken<\/h4><\/div>Our Samoyed male Sammantic Quick got the BIS and BOG 2 at the dogshow in Saarbr\u00fccken. Also AKC Ch. Ros\u00e9 D\u00f3r was very successful and got the BOS. In Hungary got BIS Ch. Sammantic Querida and AKC Ch. Sammantic Quentin the BOB and the Hungarian Ch. title.<\/p>\n<p>Also Ch. Ponwood\u00b4s Vladimir got a fantastic BOB, also our guest dog &#8220;AKC GCh.&#8221; StarPon\u00b4s Chere Brigitte&#8221; in Hungary. She and our Korean Jindo dog BIS CH. Hansol of Deokcheon Samgeori are also Hungarian Champion.<br \/>\nWhat a great weekend!<\/p>\n<p><strong>USA NEWS!<\/strong><\/p>\n<p>&#8220;Bogey&#8221; got his 25# BIS and is on the way to a new record!!!!!<\/div><\/div><div class='left-side '><div class='timeline-container'><div class='timeline-title'><h3>06.-08.05.2016<\/h3><h4>Int. Dogshows in Dortmund \/ Monaco<\/h4><\/div>Our Pon male Ch. Ponwood\u00b4s Teach me Tiger got 2 x the BOB and a great BOG 2 at the Int. Dogshow in Dortmund under the judge Richter J. Dux. AKC Ch. Sammantic Ros\u00e9 D\u00f3r got the BOS under the judge O. Vondrous and AKC Ch. Sammantic Quick got at the Europasieger the BOB under the judge S. Sinko.<br \/>\nAlso in Monaco we got the BOB with the Pon bitch AKC GCh.&#8221; StarPon\u00b4s Chere Brigitte&#8221; and our Samoyed bitch BIS Ch. Sammantic Querida.<\/p>\n<p><strong>USA NEWS!<\/strong><\/p>\n<p>Our in Co-Ownership standing Samoyed male &#8220;GCH CH Pebbles&#8217; Run Play It Again Ham (Bogey)&#8221; ,won two weeks the BIG 1. Thank you to Amy Kiell-Gree and Andrew Green.<br \/>\nAlso very successful was our Samoyed male &#8220;GCh Pepples Run Sammantic Bentley&#8221; with a BOG 2 and our handler Daniell Goodland-Rose!<\/div><\/div><div class='right-side '><div class='timeline-container'><div class='timeline-title'><h3>23.\/24.04.2016<\/h3><h4>Lahn-Dill Show<\/h4><\/div>AKC Ch. Sammantic Quick got the BIS and AKC Ch. Sammantic Ros\u00e9 D\u00f3r the BOS at the Lahn-Dill Show at the 24.4.2016 under the judge Gabriele Richard. Also our Korean Jindo Dog BIS Ch. Hansol of Deokcheon Samgeori got the BOB under the judge Erna Upmeijer.<\/div><\/div><div class='right-side '><div class='timeline-container'><div class='timeline-title'><h3>16.04.2016<\/h3><h4>Clubshow in CZ<\/h4><\/div>BIS got our bitch Sammantic BIS Ch. Querida at the 16th of april at the clubshow in CZ. Sammantic Quentin was very succsessful and got the CAC. Thank you to our handler Klara Miketova!<\/div><\/div><div class='left-side '><div class='timeline-container'><div class='timeline-title'><h3>12.03.2016<\/h3><h4>Crufts in Birimingham<\/h4><\/div>Ch. Ponwood\u00b4s Teach me Tiger got a fantastic res. CAC at Crufts! Thank you to our handler Fran Rupcic!<\/div><\/div><div class='right-side '><div class='timeline-container'><div class='timeline-title'><h3>16.02.2016<\/h3><h4>Historic day at the Westminster KC Show<\/h4><\/div>As the first Samoyed\u00a0&#8220;GCH CH Pebbles&#8217; Run Play It Again Ham (Bogey)&#8221; got the BIG. Thank you to Amy Kiell-Green and Andrew Green. Best of Opposite got our Samoyed bitch &#8220;CH Pebbles&#8217; Run On My Way With Sammantic&#8221; (Mathilda) and also &#8220;GCh. Pepples Run Sammantic Bentley&#8221; was wonderfull in the showring and got a Award of Merit. Thank you to Danielle Goodland!<\/div><\/div><div class='left-side '><div class='timeline-container'><div class='timeline-title'><h3>15.02.2016<\/h3><h4>Westminster KC Show<\/h4><\/div>Our Pon bitch AKC GCh.&#8221; StarPon\u00b4s Chere Brigitte&#8221; Best of Opposite at the Westminster KC Show at the 15.02.2016. Thank you to Danielle Goodland!<\/div><\/div><div class='right-side '><div class='timeline-container'><div class='timeline-title'><h3>17.01.2016<\/h3><h4>World Dog Show for polish breeds in Opole<\/h4><\/div>We are very proud about our Pon Vet. male BISS\/BIS Multi Ch. &#8220;Sasquehanna Malinnik Ponadto&#8221;. He was fresh and in best form in Opole and got the BOB by more than 40 dogs and also the Vet. BOB, the BIS Veteran and BIS 3. Ch. Ponwood\u00b4s &#8220;Teach me Tiger&#8221; got the place 2 and Ch. &#8220;Ponwood\u00b4s Vladimir&#8221; and also Ch. &#8220;Ponwood\u00b4s Valeska&#8221; made us proud with the 3 place. Many thanks also to the polish Kennel Club for these fantastic event.<\/div><\/div><div class='left-side '><div class='timeline-container'><div class='timeline-title'><h3>09.\/10.01.2016<\/h3><h4>Dogshow N\u00fcrnberg<\/h4><\/div>Our Korean Jindo male BIS Ch. &#8220;Hansol of Deokcheon Samgeori&#8221; and Ch. &#8220;Ponwoodd\u00b4s Vladimir&#8221; got the BOB at the first Dogshow of the year in N\u00fcrnberg!<\/div><\/div><div class='right-side '><div class='timeline-container'><div class='timeline-title'><h3>05.\/06.12.2015<\/h3><h4>Dogshow Kassel<\/h4><\/div>Our Pon bitch Ch. &#8220;Ponwood\u00b4s Unbreak my Heart&#8221; got the BOB at the dogshow in Kassel. Ch. &#8220;Ponwood\u00b4s Valeska&#8221; got the BOB and our Italiano Spinone Ch. &#8220;Ludstar Demetrio&#8221; got the Group 4 at the Dogshow in Poland.<\/div><\/div><div class='left-side '><div class='timeline-container'><div class='timeline-title'><h3>27.-29.11.2015<\/h3><h4>Dogshow Zagreb<\/h4><\/div>At the Clubshow in Zagreb got Ch. Ponwood\u00b4s Teach me Tiger and our Korean Jindo<br \/>\nDog BIS Ch. Hansol of Deokcheon Samgeori BIS!<br \/>\nAlso the other day\u00b4s where a big succsess. We got 5 new Croatian Champions:<br \/>\nCh. Ponwood\u00b4s Teach me Tiger, BIS Ch. Hansol of Deokcheon, Sammatic Ramses, Sammantic Quentin; Ponwood\u00b4s Valeska<\/div><\/div><div class='right-side '><div class='timeline-container'><div class='timeline-title'><h3>16.-18.10.2015<\/h3><h4>Bundessieger and International Dogshow in Dortmund<\/h4><\/div>We had two dogs which came under the best 6. in the competition &#8220;German dog of the Year&#8221; from 49 dogs. Ch. Ponwood\u00b4s Teach me Tiger got the 6. and BIS Ch. Sammantic Querida a fantastic 2. place. Our Korean Jindo male BIS CH &#8220;Hansol of Deokcheon Samgeori&#8221; and BIS Ch. Sammantic Querida got also the title &#8220;Bundessieger 2015&#8221;.<\/div><\/div><div class='left-side '><div class='timeline-container'><div class='timeline-title'><h3>10.\/11.10.2015<\/h3><h4>Dogshow in Ceske Budejovice<\/h4><\/div>Ponwood\u00b4s Valeska got the BOB and was under the shortlist in the group and also Ponwood\u00b4s Vladimir got BOS under the judge Maja Korosec.<\/div><\/div><div class='right-side '><div class='timeline-container'><div class='timeline-title'><h3>26.\/27.09.2015<\/h3><h4>IHA and Bundessieger Ausstellung in Tulln!<\/h4><\/div>At his first dogshow after he came back to germany AKC CH &#8220;Sammantic Quentin&#8221; got the BOG 3 at the IHA and finaly the BOG at the Bundessieger in Tulln. Our second dog at the podium at the IHA was our Korean Jindo male BIS CH &#8220;Hansol of Deokcheon Samgeori&#8221; at the 4 place and at place 3 at the Bundesieger.<\/p>\n<p><strong>USA News!<\/strong><\/p>\n<p>At the Samoyed Specialty in Louisville at the 26.09.2015 got &#8220;GCH CH Pebbles&#8217; Run Play It Again Ham (Bogey)&#8221; Select Dog from more than 500 entered dogs.<\/div><\/div><div class='left-side '><div class='timeline-container'><div class='timeline-title'><h3>12.09.-13.09.2015 <\/h3><h4>DRACULA GOLDEN TROPHY in Targu Mures<\/h4><\/div>Great Show Weekend at the &#8220;DRACULA GOLDEN TROPHY&#8221; in Targu Mures!<br \/>\nOur Handler Klara Miketova came back with 4 new Champions.<br \/>\nCh. Ponwood\u00b4s Valeska, Ch. Ponwood\u00b4s Vladimir, BIS CH Hansol of Deokcheon Samgeori and<br \/>\nBIS Ch. Sammantic Querida have been very succsessfull and got 13x BOB in total.<\/p>\n<p><strong>USA News!<\/strong><\/p>\n<p>&#8220;GCH CH Pebbles&#8217; Run Play It Again Ham (Bogey)&#8221; got at the last weekend 2x BOB, 1x BIG and 1x res. BIS. Thank you to Amy Kiell-Green, Andrew Green<\/div><\/div><\/div>[\/vc_column_inner][\/vc_row_inner][\/vc_column][\/vc_row]<\/p>\n","protected":false},"excerpt":{"rendered":"<p>Aenean ipsum nunc, convallis ac quam vel, maximus pellentesque leo. Nulla porttitor pretium mauris, id ultrices dui pulvinar eu. Aenean eu massa quam. Pellentesque pulvinar purus non ante condimentum elementum. Interdum et malesuada fames ac&#8230;<\/p>\n","protected":false},"author":1,"featured_media":0,"parent":0,"menu_order":0,"comment_status":"closed","ping_status":"closed","template":"","meta":[],"_links":{"self":[{"href":"https:\/\/www.barbara-bruns.de\/en\/wp-json\/wp\/v2\/pages\/1089\/"}],"collection":[{"href":"https:\/\/www.barbara-bruns.de\/en\/wp-json\/wp\/v2\/pages\/"}],"about":[{"href":"https:\/\/www.barbara-bruns.de\/en\/wp-json\/wp\/v2\/types\/page\/"}],"author":[{"embeddable":true,"href":"https:\/\/www.barbara-bruns.de\/en\/wp-json\/wp\/v2\/users\/1\/"}],"replies":[{"embeddable":true,"href":"https:\/\/www.barbara-bruns.de\/en\/wp-json\/wp\/v2\/comments\/?post=1089"}],"version-history":[{"count":29,"href":"https:\/\/www.barbara-bruns.de\/en\/wp-json\/wp\/v2\/pages\/1089\/revisions\/"}],"predecessor-version":[{"id":1223,"href":"https:\/\/www.barbara-bruns.de\/en\/wp-json\/wp\/v2\/pages\/1089\/revisions\/1223\/"}],"wp:attachment":[{"href":"https:\/\/www.barbara-bruns.de\/en\/wp-json\/wp\/v2\/media\/?parent=1089"}],"curies":[{"name":"wp","href":"https:\/\/api.w.org\/{rel}","templated":true}]}}